{"id":130,"date":"2024-01-11T22:46:47","date_gmt":"2024-01-11T21:46:47","guid":{"rendered":"https:\/\/loverlord.fr\/?page_id=130"},"modified":"2024-01-11T23:50:50","modified_gmt":"2024-01-11T22:50:50","slug":"mentions-legales","status":"publish","type":"page","link":"https:\/\/loverlord.fr\/index.php\/mentions-legales\/","title":{"rendered":"Mentions l\u00e9gales"},"content":{"rendered":"\n<p>En vertu de l&rsquo;article 6 de la loi n\u00b0 2004-575 du 21 juin 2004 pour la confiance dans l&rsquo;\u00e9conomie num\u00e9rique, il est pr\u00e9cis\u00e9 aux utilisateurs du site loverlord.fr l&rsquo;identit\u00e9 des diff\u00e9rents intervenants dans le cadre de sa r\u00e9alisation et de son suivi :<\/p>\n\n\n\n<p>Propri\u00e9taire : OVLD, SARL au capital de 3000\u20ac<\/p>\n\n\n\n<p>2 Avenue Maurice Schumann, 14960 ASNELLES<\/p>\n\n\n\n<p>RCS Caen 979966355<\/p>\n\n\n\n<p>TVA FR FR88979966355<\/p>\n\n\n\n<p>H\u00e9bergeur : OVH, SAS au capital de 10 174 560 \u20ac<\/p>\n\n\n\n<p>2 rue Kellermann &#8211; 59100 Roubaix<\/p>\n\n\n\n<p>RCS Lille M\u00e9tropole 424 761 419 00045<\/p>\n\n\n\n<p><strong>Loi Informatique et Libert\u00e9s<\/strong><br>Conform\u00e9ment \u00e0 la Loi Informatique et Libert\u00e9s, vous disposez d\u2019un droit d\u2019acc\u00e8s, de modification, de rectification et de suppression des donn\u00e9es \u00e0 caract\u00e8re personnel qui vous concernent (article 394 de la Loi Informatique et Libert\u00e9s du 6 janvier 1978 modifi\u00e9e en ao\u00fbt 2004).<\/p>\n\n\n\n<p><strong>Acc\u00e8s au site<\/strong><br>Il est rappel\u00e9 que le fait d\u2019acc\u00e9der ou de se maintenir frauduleusement dans un syst\u00e8me informatique, d\u2019entraver ou de fausser le fonctionnement d\u2019un tel syst\u00e8me, d\u2019introduire ou de modifier frauduleusement des donn\u00e9es dans un syst\u00e8me informatique constituent des d\u00e9lits passibles de sanctions p\u00e9nales.<\/p>\n\n\n\n<p><strong>Contenu du site<\/strong><br><strong>La Sarl OVLD, Restaurant L&rsquo;overlord<\/strong> se r\u00e9serve le droit de corriger, \u00e0 tout moment et sans pr\u00e9avis, le contenu de ce site. En outre, <strong>La Sarl OVLD, Restaurant L&rsquo;overlord<\/strong> d\u00e9cline toute responsabilit\u00e9 en cas de retard, d\u2019erreur ou d\u2019omission quant au contenu des pr\u00e9sentes pages de m\u00eame qu\u2019en cas d\u2019interruption ou de non-disponibilit\u00e9 du service.<\/p>\n\n\n\n<p><strong>Traitement automatis\u00e9 d\u2019informations nominatives<\/strong><br><strong>La Sarl OVLD, Restaurant L&rsquo;overlord<\/strong> ne collecte sur les visiteurs de son site aucune autre information nominative ou personnelle que celles qui lui sont ouvertement et volontairement fournies, en particulier par l\u2019interm\u00e9diaire des adresses \u00e9lectroniques de ses correspondants.<\/p>\n\n\n\n<p><strong>Liens Hypertextes<\/strong><br>Le site de <strong>La Sarl OVLD, Restaurant L&rsquo;overlord<\/strong> contient des liens hypertextes permettant l\u2019acc\u00e8s \u00e0 des sites (Commande et r\u00e9servation en ligne) \u00e9dit\u00e9 par \u00ab&nbsp;Oracle Rom\u00e2nia S.R.L., email:&nbsp;contact@globalfoodsoft.com&nbsp;\u00bb qui ne sont pas \u00e9dit\u00e9s par <strong>La Sarl OVLD, Restaurant L&rsquo;overlord<\/strong>. En cons\u00e9quence ce dernier ne saurait \u00eatre tenu pour responsable du contenu des sites auxquels l\u2019internaute aurait ainsi acc\u00e8s.<\/p>\n","protected":false},"excerpt":{"rendered":"<p>En vertu de l&rsquo;article 6 de la loi n\u00b0 2004-575 du 21 juin 2004 pour la confiance dans l&rsquo;\u00e9conomie num\u00e9rique, il est pr\u00e9cis\u00e9 aux utilisateurs du site loverlord.fr l&rsquo;identit\u00e9 des diff\u00e9rents intervenants dans le cadre de sa r\u00e9alisation et de son suivi : Propri\u00e9taire : OVLD, SARL au capital de 3000\u20ac 2 Avenue Maurice Schumann, [&hellip;]<\/p>\n","protected":false},"author":1,"featured_media":0,"parent":0,"menu_order":0,"comment_status":"closed","ping_status":"closed","template":"","meta":{"footnotes":""},"class_list":["post-130","page","type-page","status-publish","hentry"],"_links":{"self":[{"href":"https:\/\/loverlord.fr\/index.php\/wp-json\/wp\/v2\/pages\/130","targetHints":{"allow":["GET"]}}],"collection":[{"href":"https:\/\/loverlord.fr\/index.php\/wp-json\/wp\/v2\/pages"}],"about":[{"href":"https:\/\/loverlord.fr\/index.php\/wp-json\/wp\/v2\/types\/page"}],"author":[{"embeddable":true,"href":"https:\/\/loverlord.fr\/index.php\/wp-json\/wp\/v2\/users\/1"}],"replies":[{"embeddable":true,"href":"https:\/\/loverlord.fr\/index.php\/wp-json\/wp\/v2\/comments?post=130"}],"version-history":[{"count":3,"href":"https:\/\/loverlord.fr\/index.php\/wp-json\/wp\/v2\/pages\/130\/revisions"}],"predecessor-version":[{"id":142,"href":"https:\/\/loverlord.fr\/index.php\/wp-json\/wp\/v2\/pages\/130\/revisions\/142"}],"wp:attachment":[{"href":"https:\/\/loverlord.fr\/index.php\/wp-json\/wp\/v2\/media?parent=130"}],"curies":[{"name":"wp","href":"https:\/\/api.w.org\/{rel}","templated":true}]}}